{"id":243,"date":"2023-05-22T11:11:23","date_gmt":"2023-05-22T09:11:23","guid":{"rendered":"https:\/\/www.dc-system.be\/?page_id=243"},"modified":"2023-05-29T21:22:31","modified_gmt":"2023-05-29T19:22:31","slug":"latelier","status":"publish","type":"page","link":"https:\/\/www.dc-system.be\/index.php\/latelier\/","title":{"rendered":"L&rsquo;Atelier"},"content":{"rendered":"\n<p>Notre expertise technique nous a permis au fil du temps de tisser des liens tr\u00e8s \u00e9troits avec  les fabricants de mat\u00e9riel de studio, de sonorisation, et de Lighting&#8230; Nous pouvons donc, effectuer l&rsquo;entretien ou la r\u00e9paration de votre mat\u00e9riel avec le plus grand professionnalisme&#8230;<br><br>Vos instruments, classiques ou \u00e9lectriques pourront \u00e9galement, selon votre demande, recevoir un entretien p\u00e9riodique complet, ou bien, \u00eatre modifi\u00e9s ou adapt\u00e9s afin de r\u00e9pondre au mieux \u00e0 vos besoins sp\u00e9cifiques&#8230;<br><br>Nous r\u00e9alisons \u00e9galement, \u00e0 la demande de nos clients, des Flight Case adapt\u00e9s pour votre mat\u00e9riel ou instrument&#8230; <br>N&rsquo;h\u00e9sitez pas \u00e0 nous contacter si vous d\u00e9sirez de plus amples informations \u00e0 ce sujet&#8230;<\/p>\n\n\n\n<figure class=\"wp-block-gallery has-nested-images columns-default is-cropped wp-block-gallery-1 is-layout-flex wp-block-gallery-is-layout-flex\">\n<figure class=\"wp-block-image size-large\"><img loading=\"lazy\" decoding=\"async\" width=\"2560\" height=\"1600\" data-id=\"287\" src=\"https:\/\/www.dc-system.be\/wp-content\/uploads\/2023\/05\/AdobeStock_175025287-edited-scaled.jpeg\" alt=\"\" class=\"wp-image-287\" srcset=\"https:\/\/www.dc-system.be\/wp-content\/uploads\/2023\/05\/AdobeStock_175025287-edited-scaled.jpeg 2560w, https:\/\/www.dc-system.be\/wp-content\/uploads\/2023\/05\/AdobeStock_175025287-edited-300x188.jpeg 300w, https:\/\/www.dc-system.be\/wp-content\/uploads\/2023\/05\/AdobeStock_175025287-edited-1024x640.jpeg 1024w, https:\/\/www.dc-system.be\/wp-content\/uploads\/2023\/05\/AdobeStock_175025287-edited-768x480.jpeg 768w, https:\/\/www.dc-system.be\/wp-content\/uploads\/2023\/05\/AdobeStock_175025287-edited-1536x960.jpeg 1536w, https:\/\/www.dc-system.be\/wp-content\/uploads\/2023\/05\/AdobeStock_175025287-edited-2048x1280.jpeg 2048w\" sizes=\"auto, (max-width: 767px) 89vw, (max-width: 1000px) 54vw, (max-width: 1071px) 543px, 580px\" \/><\/figure>\n\n\n\n<figure class=\"wp-block-image size-large\"><img loading=\"lazy\" decoding=\"async\" width=\"2560\" height=\"1599\" data-id=\"286\" src=\"https:\/\/www.dc-system.be\/wp-content\/uploads\/2023\/05\/AdobeStock_481573761-edited-scaled.jpeg\" alt=\"\" class=\"wp-image-286\" srcset=\"https:\/\/www.dc-system.be\/wp-content\/uploads\/2023\/05\/AdobeStock_481573761-edited-scaled.jpeg 2560w, https:\/\/www.dc-system.be\/wp-content\/uploads\/2023\/05\/AdobeStock_481573761-edited-300x187.jpeg 300w, https:\/\/www.dc-system.be\/wp-content\/uploads\/2023\/05\/AdobeStock_481573761-edited-1024x639.jpeg 1024w, https:\/\/www.dc-system.be\/wp-content\/uploads\/2023\/05\/AdobeStock_481573761-edited-768x480.jpeg 768w, https:\/\/www.dc-system.be\/wp-content\/uploads\/2023\/05\/AdobeStock_481573761-edited-1536x959.jpeg 1536w, https:\/\/www.dc-system.be\/wp-content\/uploads\/2023\/05\/AdobeStock_481573761-edited-2048x1279.jpeg 2048w\" sizes=\"auto, (max-width: 767px) 89vw, (max-width: 1000px) 54vw, (max-width: 1071px) 543px, 580px\" \/><\/figure>\n\n\n\n<figure class=\"wp-block-image size-large\"><img loading=\"lazy\" decoding=\"async\" width=\"2560\" height=\"1600\" data-id=\"285\" src=\"https:\/\/www.dc-system.be\/wp-content\/uploads\/2023\/05\/AdobeStock_327163469-edited-scaled.jpeg\" alt=\"\" class=\"wp-image-285\" srcset=\"https:\/\/www.dc-system.be\/wp-content\/uploads\/2023\/05\/AdobeStock_327163469-edited-scaled.jpeg 2560w, https:\/\/www.dc-system.be\/wp-content\/uploads\/2023\/05\/AdobeStock_327163469-edited-300x187.jpeg 300w, https:\/\/www.dc-system.be\/wp-content\/uploads\/2023\/05\/AdobeStock_327163469-edited-1024x640.jpeg 1024w, https:\/\/www.dc-system.be\/wp-content\/uploads\/2023\/05\/AdobeStock_327163469-edited-768x480.jpeg 768w, https:\/\/www.dc-system.be\/wp-content\/uploads\/2023\/05\/AdobeStock_327163469-edited-1536x960.jpeg 1536w, https:\/\/www.dc-system.be\/wp-content\/uploads\/2023\/05\/AdobeStock_327163469-edited-2048x1280.jpeg 2048w\" sizes=\"auto, (max-width: 767px) 89vw, (max-width: 1000px) 54vw, (max-width: 1071px) 543px, 580px\" \/><\/figure>\n\n\n\n<figure class=\"wp-block-image size-large\"><img loading=\"lazy\" decoding=\"async\" width=\"1556\" height=\"2334\" data-id=\"288\" src=\"https:\/\/www.dc-system.be\/wp-content\/uploads\/2023\/05\/AdobeStock_483557964-edited.jpeg\" alt=\"\" class=\"wp-image-288\" srcset=\"https:\/\/www.dc-system.be\/wp-content\/uploads\/2023\/05\/AdobeStock_483557964-edited.jpeg 1556w, https:\/\/www.dc-system.be\/wp-content\/uploads\/2023\/05\/AdobeStock_483557964-edited-200x300.jpeg 200w, https:\/\/www.dc-system.be\/wp-content\/uploads\/2023\/05\/AdobeStock_483557964-edited-683x1024.jpeg 683w, https:\/\/www.dc-system.be\/wp-content\/uploads\/2023\/05\/AdobeStock_483557964-edited-768x1152.jpeg 768w, https:\/\/www.dc-system.be\/wp-content\/uploads\/2023\/05\/AdobeStock_483557964-edited-1024x1536.jpeg 1024w, https:\/\/www.dc-system.be\/wp-content\/uploads\/2023\/05\/AdobeStock_483557964-edited-1365x2048.jpeg 1365w\" sizes=\"auto, (max-width: 767px) 89vw, (max-width: 1000px) 54vw, (max-width: 1071px) 543px, 580px\" \/><\/figure>\n\n\n\n<figure class=\"wp-block-image size-large\"><img loading=\"lazy\" decoding=\"async\" width=\"2560\" height=\"1920\" data-id=\"290\" src=\"https:\/\/www.dc-system.be\/wp-content\/uploads\/2023\/05\/AdobeStock_227518449-edited-1-scaled.jpeg\" alt=\"\" class=\"wp-image-290\" srcset=\"https:\/\/www.dc-system.be\/wp-content\/uploads\/2023\/05\/AdobeStock_227518449-edited-1-scaled.jpeg 2560w, https:\/\/www.dc-system.be\/wp-content\/uploads\/2023\/05\/AdobeStock_227518449-edited-1-300x225.jpeg 300w, https:\/\/www.dc-system.be\/wp-content\/uploads\/2023\/05\/AdobeStock_227518449-edited-1-1024x768.jpeg 1024w, https:\/\/www.dc-system.be\/wp-content\/uploads\/2023\/05\/AdobeStock_227518449-edited-1-768x576.jpeg 768w, https:\/\/www.dc-system.be\/wp-content\/uploads\/2023\/05\/AdobeStock_227518449-edited-1-1536x1152.jpeg 1536w, https:\/\/www.dc-system.be\/wp-content\/uploads\/2023\/05\/AdobeStock_227518449-edited-1-2048x1536.jpeg 2048w\" sizes=\"auto, (max-width: 767px) 89vw, (max-width: 1000px) 54vw, (max-width: 1071px) 543px, 580px\" \/><\/figure>\n\n\n\n<figure class=\"wp-block-image size-large\"><img loading=\"lazy\" decoding=\"async\" width=\"1599\" height=\"2560\" data-id=\"303\" src=\"https:\/\/www.dc-system.be\/wp-content\/uploads\/2023\/05\/AdobeStock_437729216-edited-scaled.jpeg\" alt=\"\" class=\"wp-image-303\" srcset=\"https:\/\/www.dc-system.be\/wp-content\/uploads\/2023\/05\/AdobeStock_437729216-edited-scaled.jpeg 1599w, https:\/\/www.dc-system.be\/wp-content\/uploads\/2023\/05\/AdobeStock_437729216-edited-187x300.jpeg 187w, https:\/\/www.dc-system.be\/wp-content\/uploads\/2023\/05\/AdobeStock_437729216-edited-640x1024.jpeg 640w, https:\/\/www.dc-system.be\/wp-content\/uploads\/2023\/05\/AdobeStock_437729216-edited-768x1229.jpeg 768w, https:\/\/www.dc-system.be\/wp-content\/uploads\/2023\/05\/AdobeStock_437729216-edited-960x1536.jpeg 960w, https:\/\/www.dc-system.be\/wp-content\/uploads\/2023\/05\/AdobeStock_437729216-edited-1279x2048.jpeg 1279w\" sizes=\"auto, (max-width: 767px) 89vw, (max-width: 1000px) 54vw, (max-width: 1071px) 543px, 580px\" \/><\/figure>\n<\/figure>\n\n\n\n<figure class=\"wp-block-gallery has-nested-images columns-default is-cropped wp-block-gallery-2 is-layout-flex wp-block-gallery-is-layout-flex\">\n<figure class=\"wp-block-image size-large\"><img loading=\"lazy\" decoding=\"async\" width=\"1024\" height=\"640\" data-id=\"297\" src=\"https:\/\/www.dc-system.be\/wp-content\/uploads\/2023\/05\/AdobeStock_370984261-edited-1024x640.jpeg\" alt=\"\" class=\"wp-image-297\" srcset=\"https:\/\/www.dc-system.be\/wp-content\/uploads\/2023\/05\/AdobeStock_370984261-edited-1024x640.jpeg 1024w, https:\/\/www.dc-system.be\/wp-content\/uploads\/2023\/05\/AdobeStock_370984261-edited-300x188.jpeg 300w, https:\/\/www.dc-system.be\/wp-content\/uploads\/2023\/05\/AdobeStock_370984261-edited-768x480.jpeg 768w, https:\/\/www.dc-system.be\/wp-content\/uploads\/2023\/05\/AdobeStock_370984261-edited-1536x960.jpeg 1536w, https:\/\/www.dc-system.be\/wp-content\/uploads\/2023\/05\/AdobeStock_370984261-edited-2048x1280.jpeg 2048w\" sizes=\"auto, (max-width: 767px) 89vw, (max-width: 1000px) 54vw, (max-width: 1071px) 543px, 580px\" \/><\/figure>\n\n\n\n<figure class=\"wp-block-image size-large\"><img loading=\"lazy\" decoding=\"async\" width=\"1024\" height=\"683\" data-id=\"298\" src=\"https:\/\/www.dc-system.be\/wp-content\/uploads\/2023\/05\/AdobeStock_370981118-1-1024x683.jpeg\" alt=\"\" class=\"wp-image-298\" srcset=\"https:\/\/www.dc-system.be\/wp-content\/uploads\/2023\/05\/AdobeStock_370981118-1-1024x683.jpeg 1024w, https:\/\/www.dc-system.be\/wp-content\/uploads\/2023\/05\/AdobeStock_370981118-1-300x200.jpeg 300w, https:\/\/www.dc-system.be\/wp-content\/uploads\/2023\/05\/AdobeStock_370981118-1-768x512.jpeg 768w, https:\/\/www.dc-system.be\/wp-content\/uploads\/2023\/05\/AdobeStock_370981118-1-1536x1025.jpeg 1536w, https:\/\/www.dc-system.be\/wp-content\/uploads\/2023\/05\/AdobeStock_370981118-1-2048x1366.jpeg 2048w\" sizes=\"auto, (max-width: 767px) 89vw, (max-width: 1000px) 54vw, (max-width: 1071px) 543px, 580px\" \/><\/figure>\n\n\n\n<figure class=\"wp-block-image size-large\"><img loading=\"lazy\" decoding=\"async\" width=\"1024\" height=\"683\" data-id=\"299\" src=\"https:\/\/www.dc-system.be\/wp-content\/uploads\/2023\/05\/AdobeStock_371005723-1024x683.jpeg\" alt=\"\" class=\"wp-image-299\" srcset=\"https:\/\/www.dc-system.be\/wp-content\/uploads\/2023\/05\/AdobeStock_371005723-1024x683.jpeg 1024w, https:\/\/www.dc-system.be\/wp-content\/uploads\/2023\/05\/AdobeStock_371005723-300x200.jpeg 300w, https:\/\/www.dc-system.be\/wp-content\/uploads\/2023\/05\/AdobeStock_371005723-768x512.jpeg 768w, https:\/\/www.dc-system.be\/wp-content\/uploads\/2023\/05\/AdobeStock_371005723-1536x1025.jpeg 1536w, https:\/\/www.dc-system.be\/wp-content\/uploads\/2023\/05\/AdobeStock_371005723-2048x1366.jpeg 2048w\" sizes=\"auto, (max-width: 767px) 89vw, (max-width: 1000px) 54vw, (max-width: 1071px) 543px, 580px\" \/><\/figure>\n\n\n\n<figure class=\"wp-block-image size-large\"><img loading=\"lazy\" decoding=\"async\" width=\"1024\" height=\"683\" data-id=\"300\" src=\"https:\/\/www.dc-system.be\/wp-content\/uploads\/2023\/05\/AdobeStock_472215945-1024x683.jpeg\" alt=\"\" class=\"wp-image-300\" srcset=\"https:\/\/www.dc-system.be\/wp-content\/uploads\/2023\/05\/AdobeStock_472215945-1024x683.jpeg 1024w, https:\/\/www.dc-system.be\/wp-content\/uploads\/2023\/05\/AdobeStock_472215945-300x200.jpeg 300w, https:\/\/www.dc-system.be\/wp-content\/uploads\/2023\/05\/AdobeStock_472215945-768x512.jpeg 768w, https:\/\/www.dc-system.be\/wp-content\/uploads\/2023\/05\/AdobeStock_472215945-1536x1024.jpeg 1536w, https:\/\/www.dc-system.be\/wp-content\/uploads\/2023\/05\/AdobeStock_472215945-2048x1365.jpeg 2048w\" sizes=\"auto, (max-width: 767px) 89vw, (max-width: 1000px) 54vw, (max-width: 1071px) 543px, 580px\" \/><\/figure>\n\n\n\n<figure class=\"wp-block-image size-large\"><img loading=\"lazy\" decoding=\"async\" width=\"1024\" height=\"683\" data-id=\"302\" src=\"https:\/\/www.dc-system.be\/wp-content\/uploads\/2023\/05\/AdobeStock_221467680-1-1024x683.jpeg\" alt=\"\" class=\"wp-image-302\" srcset=\"https:\/\/www.dc-system.be\/wp-content\/uploads\/2023\/05\/AdobeStock_221467680-1-1024x683.jpeg 1024w, https:\/\/www.dc-system.be\/wp-content\/uploads\/2023\/05\/AdobeStock_221467680-1-300x200.jpeg 300w, https:\/\/www.dc-system.be\/wp-content\/uploads\/2023\/05\/AdobeStock_221467680-1-768x512.jpeg 768w, https:\/\/www.dc-system.be\/wp-content\/uploads\/2023\/05\/AdobeStock_221467680-1-1536x1024.jpeg 1536w, https:\/\/www.dc-system.be\/wp-content\/uploads\/2023\/05\/AdobeStock_221467680-1-2048x1365.jpeg 2048w\" sizes=\"auto, (max-width: 767px) 89vw, (max-width: 1000px) 54vw, (max-width: 1071px) 543px, 580px\" \/><\/figure>\n<\/figure>\n","protected":false},"excerpt":{"rendered":"<p>Notre expertise technique nous a permis au fil du temps de tisser des liens tr\u00e8s \u00e9troits avec les fabricants de mat\u00e9riel de studio, de sonorisation, et de Lighting&#8230; Nous pouvons donc, effectuer l&rsquo;entretien ou la r\u00e9paration de votre mat\u00e9riel avec le plus grand professionnalisme&#8230; Vos instruments, classiques ou \u00e9lectriques pourront \u00e9galement, selon votre demande, recevoir &hellip; <\/p>\n<p class=\"link-more\"><a href=\"https:\/\/www.dc-system.be\/index.php\/latelier\/\" class=\"more-link\">Continuer la lecture<span class=\"screen-reader-text\"> de &laquo;&nbsp;L&rsquo;Atelier&nbsp;&raquo;<\/span><\/a><\/p>\n","protected":false},"author":1,"featured_media":0,"parent":0,"menu_order":0,"comment_status":"closed","ping_status":"closed","template":"","meta":{"footnotes":""},"class_list":["post-243","page","type-page","status-publish","hentry"],"jetpack_sharing_enabled":true,"_links":{"self":[{"href":"https:\/\/www.dc-system.be\/index.php\/wp-json\/wp\/v2\/pages\/243","targetHints":{"allow":["GET"]}}],"collection":[{"href":"https:\/\/www.dc-system.be\/index.php\/wp-json\/wp\/v2\/pages"}],"about":[{"href":"https:\/\/www.dc-system.be\/index.php\/wp-json\/wp\/v2\/types\/page"}],"author":[{"embeddable":true,"href":"https:\/\/www.dc-system.be\/index.php\/wp-json\/wp\/v2\/users\/1"}],"replies":[{"embeddable":true,"href":"https:\/\/www.dc-system.be\/index.php\/wp-json\/wp\/v2\/comments?post=243"}],"version-history":[{"count":7,"href":"https:\/\/www.dc-system.be\/index.php\/wp-json\/wp\/v2\/pages\/243\/revisions"}],"predecessor-version":[{"id":307,"href":"https:\/\/www.dc-system.be\/index.php\/wp-json\/wp\/v2\/pages\/243\/revisions\/307"}],"wp:attachment":[{"href":"https:\/\/www.dc-system.be\/index.php\/wp-json\/wp\/v2\/media?parent=243"}],"curies":[{"name":"wp","href":"https:\/\/api.w.org\/{rel}","templated":true}]}}